{"id":15071,"date":"2025-03-14T14:00:19","date_gmt":"2025-03-14T13:00:19","guid":{"rendered":"https:\/\/warsztat.kurek.pl\/rekawice-ochronne-z-koziej-skory-psw-1202-super-09-rozmiar-09\/"},"modified":"2025-07-01T00:20:18","modified_gmt":"2025-06-30T22:20:18","slug":"rekawice-ochronne-z-koziej-skory-psw-1202-super-09-rozmiar-09","status":"publish","type":"product","link":"https:\/\/testkurek.miclick.pl\/en\/rekawice-ochronne-z-koziej-skory-psw-1202-super-09-rozmiar-09\/","title":{"rendered":"R\u0118KAWICE OCHRONNE Z KOZIEJ SK\u00d3RY PSW-1202 SUPER-09, ROZMIAR 09"},"content":{"rendered":"<p>R\u0119kawice ca\u0142osk\u00f3rzane ochronne PSW-1202 Super \u2014 rozmiar 9<br \/>\nPSW-1202 Super to r\u0119kawice wykonane z koziej sk\u00f3ry licowanej, kt\u00f3re charakteryzuj\u0105 si\u0119 wysok\u0105 wytrzyma\u0142o\u015bci\u0105 mechaniczn\u0105 oraz komfortem u\u017cytkowania. S\u0105 przeznaczone do prac og\u00f3lnych, \u015bwietnie nadaj\u0105 si\u0119 dla technik\u00f3w, kierowc\u00f3w i monter\u00f3w \u2014 oferuj\u0105 doskona\u0142\u0105 ochron\u0119 przed r\u00f3\u017cnego rodzaju zagro\u017ceniami mechanicznymi.<\/p>\n<p>Dzi\u0119ki zgodno\u015bci z normami EN 388:2019 oraz EN ISO 21420:2020 r\u0119kawice zapewniaj\u0105 niezawodn\u0105 ochron\u0119 d\u0142oni.<\/p>\n<p>CHARAKTERYSTYKA:<br \/>\nwykonanie z koziej sk\u00f3ry licowanej: materia\u0142  zapewnia wysok\u0105 odporno\u015b\u0107 na \u015bcieranie oraz przeci\u0119cia, a tak\u017ce odpowiada za komfort noszenia r\u0119kawic,<br \/>\nzgodno\u015b\u0107 z normami: spe\u0142nienie wymaga\u0144 norm EN 388:2019 oraz EN ISO 21420:2020 potwierdza wysok\u0105 jako\u015b\u0107 r\u0119kawic i bezpiecze\u0144stwo ich u\u017cytkowania,<br \/>\nochrona przed zagro\u017ceniami mechanicznymi: r\u0119kawice zapewniaj\u0105 ochron\u0119 przed przeci\u0119ciem, rozdzieraniem i przek\u0142uciem, co czyni je idealnym wyborem do r\u00f3\u017cnorodnych prac,<br \/>\nkomfort i dopasowanie: \u015bci\u0105gacz na nadgarstku i mankiet zako\u0144czony lam\u00f3wk\u0105 gwarantuj\u0105 dobre dopasowanie i komfort noszenia,<br \/>\nwszechstronne zastosowanie: idealne dla technik\u00f3w, kierowc\u00f3w, monter\u00f3w, przy pracach og\u00f3lnych niewymagaj\u0105cych ochrony przed zagro\u017ceniami chemicznymi, mikrobiologicznymi, elektrycznymi lub termicznymi.<br \/>\nr\u0119kawice nie s\u0105 wodoodporne: warto mie\u0107 na uwadze, \u017ce r\u0119kawice nie zapewniaj\u0105 ochrony przed wilgoci\u0105.<\/p>\n<p>DOSKONA\u0141A ODPORNO\u015a\u0106<br \/>\nR\u0119kawice PSW-1202 Super wyr\u00f3\u017cniaj\u0105 si\u0119 przede wszystkim wysok\u0105 odporno\u015bci\u0105 na \u015bcieranie i przeci\u0119cia, co jest kluczowe w \u015brodowiskach, gdzie d\u0142onie s\u0105 nara\u017cone na kontakt z ostrymi przedmiotami czy szorstkimi powierzchniami. Ich konstrukcja i materia\u0142y zosta\u0142y dobrane w taki spos\u00f3b, aby maksymalizowa\u0107 ochron\u0119 przy zachowaniu swobody ruch\u00f3w i komfortu u\u017cytkownika.<\/p>\n<p>WYGODA U\u017bYTKOWANIA<br \/>\nZastosowanie gumki na nadgarstku zapewnia lepsze dopasowanie i uniemo\u017cliwia przedostawanie si\u0119 zanieczyszcze\u0144 do wn\u0119trza r\u0119kawicy, co znacz\u0105co zwi\u0119ksza komfort pracy. Ta cecha, w po\u0142\u0105czeniu z wyko\u0144czeniem mankietu lam\u00f3wk\u0105, podnosi og\u00f3ln\u0105 wygod\u0119 noszenia oraz u\u017cytkowania r\u0119kawic w r\u00f3\u017cnych warunkach.<\/p>","protected":false},"excerpt":{"rendered":"<p>R\u0119kawice ca\u0142osk\u00f3rzane ochronne PSW-1202 Super \u2014 rozmiar 9 PSW-1202 Super to r\u0119kawice wykonane z koziej sk\u00f3ry licowanej, kt\u00f3re charakteryzuj\u0105 si\u0119<\/p>","protected":false},"featured_media":16210,"template":"","meta":{"_acf_changed":false,"rank_math_title":"","rank_math_description":"","rank_math_focus_keyword":"","rank_math_canonical_url":"","rank_math_facebook_title":"","rank_math_facebook_description":"","rank_math_schema":""},"product_brand":[],"product_cat":[533],"product_tag":[],"class_list":{"0":"post-15071","1":"product","2":"type-product","3":"status-publish","4":"has-post-thumbnail","6":"product_cat-04-odziez-i-artykuly-bhp","8":"first","9":"instock","10":"taxable","11":"shipping-taxable","12":"purchasable","13":"product-type-simple"},"acf":[],"_links":{"self":[{"href":"https:\/\/testkurek.miclick.pl\/en\/wp-json\/wp\/v2\/product\/15071","targetHints":{"allow":["GET"]}}],"collection":[{"href":"https:\/\/testkurek.miclick.pl\/en\/wp-json\/wp\/v2\/product"}],"about":[{"href":"https:\/\/testkurek.miclick.pl\/en\/wp-json\/wp\/v2\/types\/product"}],"version-history":[{"count":3,"href":"https:\/\/testkurek.miclick.pl\/en\/wp-json\/wp\/v2\/product\/15071\/revisions"}],"predecessor-version":[{"id":16209,"href":"https:\/\/testkurek.miclick.pl\/en\/wp-json\/wp\/v2\/product\/15071\/revisions\/16209"}],"wp:featuredmedia":[{"embeddable":true,"href":"https:\/\/testkurek.miclick.pl\/en\/wp-json\/wp\/v2\/media\/16210"}],"wp:attachment":[{"href":"https:\/\/testkurek.miclick.pl\/en\/wp-json\/wp\/v2\/media?parent=15071"}],"wp:term":[{"taxonomy":"product_brand","embeddable":true,"href":"https:\/\/testkurek.miclick.pl\/en\/wp-json\/wp\/v2\/product_brand?post=15071"},{"taxonomy":"product_cat","embeddable":true,"href":"https:\/\/testkurek.miclick.pl\/en\/wp-json\/wp\/v2\/product_cat?post=15071"},{"taxonomy":"product_tag","embeddable":true,"href":"https:\/\/testkurek.miclick.pl\/en\/wp-json\/wp\/v2\/product_tag?post=15071"}],"curies":[{"name":"wp","href":"https:\/\/api.w.org\/{rel}","templated":true}]}}