{"id":15035,"date":"2025-03-14T13:57:28","date_gmt":"2025-03-14T12:57:28","guid":{"rendered":"https:\/\/warsztat.kurek.pl\/autoweld-spawanie-na-zimno-cx-80-do-315c-27gx2\/"},"modified":"2025-06-18T17:18:14","modified_gmt":"2025-06-18T15:18:14","slug":"autoweld-spawanie-na-zimno-cx-80-do-315c-27gx2","status":"publish","type":"product","link":"https:\/\/testkurek.miclick.pl\/en\/autoweld-spawanie-na-zimno-cx-80-do-315c-27gx2\/","title":{"rendered":"AUTOWELD SPAWANIE NA ZIMNO CX 80 do 315\u00b0C 27Gx2"},"content":{"rendered":"<h2>Informacje o Produkcie<\/h2>\n<p>AUTOWELD SPAWANIE NA ZIMNO CX 80 do 315\u00b0C 27Gx2 to innowacyjna, dwusk\u0142adnikowa \u017cywica epoksydowa, nale\u017c\u0105ca do kategorii cynk, farby i smary. Produkt umo\u017cliwia spawanie na zimno oraz skuteczn\u0105 napraw\u0119 i \u0142\u0105czenie wszelkich twardych powierzchni, takich jak metale, drewno, porcelana czy plastik. Dzi\u0119ki swojej niezawodno\u015bci i trwa\u0142o\u015bci stanowi idealne rozwi\u0105zanie zar\u00f3wno do u\u017cytku przemys\u0142owego, jak i domowego.<\/p>\n<h2>W sk\u0142ad zestawu wchodzi<\/h2>\n<p>Dwie tubki \u017cywicy epoksydowej AUTOWELD SPAWANIE NA ZIMNO CX 80 o pojemno\u015bci 27 g ka\u017cda.<\/p>\n<h2>Cechy i Korzy\u015bci<\/h2>\n<p>\u017bywica epoksydowa AUTOWELD CX 80 oferuje szeroki wachlarz zalet, kt\u00f3re czyni\u0105 j\u0105 niezast\u0105pionym wyborem w wielu sytuacjach:<\/p>\n<ul>\n<li><strong>Wytrzyma\u0142o\u015b\u0107 spoiny:<\/strong> Tworzy trwa\u0142e po\u0142\u0105czenia odporne na uszkodzenia mechaniczne i chemiczne.<\/li>\n<li><strong>Odporno\u015b\u0107 na wysokie temperatury:<\/strong> Wytrzymuje temperatury do 315\u00b0C, co czyni j\u0105 idealn\u0105 do zastosowa\u0144 w trudnych warunkach.<\/li>\n<li><strong>Uniwersalno\u015b\u0107:<\/strong> Mo\u017ce by\u0107 stosowana do r\u00f3\u017cnych materia\u0142\u00f3w, takich jak stal, aluminium, drewno, porcelana czy plastik.<\/li>\n<li><strong>Mo\u017cliwo\u015b\u0107 obr\u00f3bki po aplikacji:<\/strong> Po utwardzeniu \u017cywic\u0119 mo\u017cna szlifowa\u0107, wierci\u0107, frezowa\u0107, gwintowa\u0107 i malowa\u0107.<\/li>\n<li><strong>Trwa\u0142o\u015b\u0107:<\/strong> Produkt zachowuje swoje w\u0142a\u015bciwo\u015bci przez a\u017c 25 lat, gwarantuj\u0105c d\u0142ugotrwa\u0142e efekty napraw.<\/li>\n<\/ul>\n<h3>Wytrzyma\u0142o\u015b\u0107 i trwa\u0142o\u015b\u0107 spoiny<\/h3>\n<p>AUTOWELD SPAWANIE NA ZIMNO CX 80 tworzy spoin\u0119, kt\u00f3ra charakteryzuje si\u0119 wyj\u0105tkow\u0105 odporno\u015bci\u0105 na uszkodzenia mechaniczne oraz wp\u0142yw substancji chemicznych. Dzi\u0119ki temu jest idealna do napraw wymagaj\u0105cych trwa\u0142ego i solidnego po\u0142\u0105czenia.<\/p>\n<h3>Wszechstronno\u015b\u0107 zastosowa\u0144<\/h3>\n<p>\u017bywica epoksydowa AUTOWELD sprawdzi si\u0119 w naprawie i \u0142\u0105czeniu r\u00f3\u017cnych powierzchni, takich jak metale, drewno, porcelana czy plastik. Doskonale nadaje si\u0119 do naprawy element\u00f3w takich jak:<\/p>\n<ul>\n<li>Rury i zbiorniki paliwowe<\/li>\n<li>Bloki silnik\u00f3w i g\u0142owice cylindr\u00f3w<\/li>\n<li>Cz\u0119\u015bci piec\u00f3w i jednostki ch\u0142odnicze<\/li>\n<li>Wyposa\u017cenie \u0142azienek i p\u0142ytki ceramiczne<\/li>\n<\/ul>\n<h3>Odporno\u015b\u0107 na wysokie temperatury<\/h3>\n<p>Dzi\u0119ki odporno\u015bci na temperatury do 315\u00b0C, produkt \u015bwietnie sprawdza si\u0119 w ekstremalnych warunkach, takich jak naprawa cz\u0119\u015bci piec\u00f3w czy ciekn\u0105cych bojler\u00f3w.<\/p>\n<h3>Mo\u017cliwo\u015b\u0107 obr\u00f3bki po aplikacji<\/h3>\n<p>Po utwardzeniu \u017cywica AUTOWELD mo\u017ce by\u0107 nawiercana, szlifowana, frezowana, gwintowana i malowana. To umo\u017cliwia dostosowanie naprawionego elementu do indywidualnych potrzeb u\u017cytkownika.<\/p>\n<h2>Specyfikacje Techniczne<\/h2>\n<p>Produkt cechuje si\u0119 kompaktowymi wymiarami i wygod\u0105 u\u017cytkowania, co u\u0142atwia przechowywanie i transport.<\/p>\n<h3>Wymiary i waga<\/h3>\n<p>Waga produktu wynosi 0.074 kg, a jego wysoko\u015b\u0107 to 1.0 cm, co sprawia, \u017ce jest niezwykle por\u0119czny.<\/p>\n<h3>Materia\u0142 i sk\u0142ad<\/h3>\n<p>\u017bywica wykonana jest z wysokiej jako\u015bci dwusk\u0142adnikowego materia\u0142u epoksydowego, kt\u00f3ry zapewnia doskona\u0142\u0105 przyczepno\u015b\u0107 i wytrzyma\u0142o\u015b\u0107 spoiny.<\/p>\n<h3>Trwa\u0142o\u015b\u0107 produktu<\/h3>\n<p>Produkt wyr\u00f3\u017cnia si\u0119 wyj\u0105tkow\u0105 trwa\u0142o\u015bci\u0105 \u2013 jego w\u0142a\u015bciwo\u015bci pozostaj\u0105 niezmienione przez okres 25 lat, co gwarantuje d\u0142ugotrwa\u0142e efekty napraw i \u0142\u0105czenia.<\/p>\n<h2>Dla kogo przeznaczony jest ten produkt?<\/h2>\n<p>\u017bywica epoksydowa AUTOWELD SPAWANIE NA ZIMNO CX 80 jest idealna dla os\u00f3b, kt\u00f3re potrzebuj\u0105 niezawodnego \u015brodka do naprawy twardych powierzchni. Doskonale sprawdzi si\u0119 zar\u00f3wno w zastosowaniach domowych, jak i przemys\u0142owych, takich jak naprawa element\u00f3w maszyn, urz\u0105dze\u0144 grzewczych, \u0142azienkowych czy ceramicznych. To produkt dla tych, kt\u00f3rzy poszukuj\u0105 trwa\u0142ych i efektywnych rozwi\u0105za\u0144 na lata.<\/p>","protected":false},"excerpt":{"rendered":"<p>Informacje o Produkcie AUTOWELD SPAWANIE NA ZIMNO CX 80 do 315\u00b0C 27Gx2 to innowacyjna, dwusk\u0142adnikowa \u017cywica epoksydowa, nale\u017c\u0105ca do kategorii<\/p>","protected":false},"featured_media":15034,"template":"","meta":{"_acf_changed":false,"rank_math_title":"","rank_math_description":"","rank_math_focus_keyword":"","rank_math_canonical_url":"","rank_math_facebook_title":"","rank_math_facebook_description":"","rank_math_schema":""},"product_brand":[],"product_cat":[532],"product_tag":[],"class_list":{"0":"post-15035","1":"product","2":"type-product","3":"status-publish","4":"has-post-thumbnail","6":"product_cat-03-cynk-farby-i-smary","8":"first","9":"instock","10":"taxable","11":"shipping-taxable","12":"purchasable","13":"product-type-simple"},"acf":[],"_links":{"self":[{"href":"https:\/\/testkurek.miclick.pl\/en\/wp-json\/wp\/v2\/product\/15035","targetHints":{"allow":["GET"]}}],"collection":[{"href":"https:\/\/testkurek.miclick.pl\/en\/wp-json\/wp\/v2\/product"}],"about":[{"href":"https:\/\/testkurek.miclick.pl\/en\/wp-json\/wp\/v2\/types\/product"}],"version-history":[{"count":2,"href":"https:\/\/testkurek.miclick.pl\/en\/wp-json\/wp\/v2\/product\/15035\/revisions"}],"predecessor-version":[{"id":15993,"href":"https:\/\/testkurek.miclick.pl\/en\/wp-json\/wp\/v2\/product\/15035\/revisions\/15993"}],"wp:featuredmedia":[{"embeddable":true,"href":"https:\/\/testkurek.miclick.pl\/en\/wp-json\/wp\/v2\/media\/15034"}],"wp:attachment":[{"href":"https:\/\/testkurek.miclick.pl\/en\/wp-json\/wp\/v2\/media?parent=15035"}],"wp:term":[{"taxonomy":"product_brand","embeddable":true,"href":"https:\/\/testkurek.miclick.pl\/en\/wp-json\/wp\/v2\/product_brand?post=15035"},{"taxonomy":"product_cat","embeddable":true,"href":"https:\/\/testkurek.miclick.pl\/en\/wp-json\/wp\/v2\/product_cat?post=15035"},{"taxonomy":"product_tag","embeddable":true,"href":"https:\/\/testkurek.miclick.pl\/en\/wp-json\/wp\/v2\/product_tag?post=15035"}],"curies":[{"name":"wp","href":"https:\/\/api.w.org\/{rel}","templated":true}]}}