{"id":14721,"date":"2025-03-14T13:42:07","date_gmt":"2025-03-14T12:42:07","guid":{"rendered":"https:\/\/warsztat.kurek.pl\/drut-spawalniczy-mig-mag-308lsi-do-stali-nierdzewnej-inox-o-srednicy-10-mm-15kg\/"},"modified":"2025-04-15T13:06:30","modified_gmt":"2025-04-15T11:06:30","slug":"drut-spawalniczy-mig-mag-308lsi-do-stali-nierdzewnej-inox-o-srednicy-10-mm-15kg","status":"publish","type":"product","link":"https:\/\/testkurek.miclick.pl\/en\/drut-spawalniczy-mig-mag-308lsi-do-stali-nierdzewnej-inox-o-srednicy-10-mm-15kg\/","title":{"rendered":"Drut spawalniczy MIG MAG  308LSi do stali nierdzewnej INOX o \u015brednicy 1,0 mm  15kg"},"content":{"rendered":"<h2>informacje o produkcie<\/h2>\n<p>Drut spawalniczy MIG MAG 308LSi to wysokiej jako\u015bci materia\u0142 spawalniczy, przeznaczony do profesjonalnego spawania stali nierdzewnej. Oferowany drut o grubo\u015bci 1,0 mm gwarantuje precyzyjne, trwa\u0142e i estetyczne po\u0142\u0105czenia, niezale\u017cnie od stopnia skomplikowania zadania. Dzi\u0119ki zastosowaniu technologii MIG\/MAG, produkt ten doskonale sprawdza si\u0119 w spawaniu konstrukcji nierdzewnych, zapewniaj\u0105c jednolite rezultaty.<\/p>\n<p>Drut ten jest nawini\u0119ty na szpul\u0119 o wadze 15 kg, co u\u0142atwia jego przechowywanie i transport. Wymiary szpuli \u2013 wysoko\u015b\u0107 30,0 cm i szeroko\u015b\u0107 9,8 cm \u2013 sprawiaj\u0105, \u017ce jest kompatybilna z wi\u0119kszo\u015bci\u0105 urz\u0105dze\u0144 spawalniczych dost\u0119pnych na rynku. Materia\u0142 drutu, oznaczony jako 308LSi, zosta\u0142 zaprojektowany z my\u015bl\u0105 o najwy\u017cszej jako\u015bci spawania.<\/p>\n<h2>zestaw produktu zawiera<\/h2>\n<p>W zestawie znajduje si\u0119 szpula o wadze 15 kg, na kt\u00f3rej nawini\u0119ty jest drut spawalniczy MIG MAG 308LSi o grubo\u015bci 1,0 mm, dedykowany do spawania stali nierdzewnej metod\u0105 MIG\/MAG.<\/p>\n<h2>kto powinien wybra\u0107 ten produkt?<\/h2>\n<p>Drut spawalniczy MIG MAG 308LSi jest idealnym wyborem dla profesjonalist\u00f3w i firm dzia\u0142aj\u0105cych w bran\u017cy spawalniczej, kt\u00f3re specjalizuj\u0105 si\u0119 w spawaniu stali nierdzewnej. Dzi\u0119ki swoim w\u0142a\u015bciwo\u015bciom produkt ten sprawdzi si\u0119 zar\u00f3wno w warsztatach, jak i na placach budowy, gdzie liczy si\u0119 precyzja, trwa\u0142o\u015b\u0107 oraz estetyka spaw\u00f3w. Produkt jest r\u00f3wnie\u017c odpowiedni dla os\u00f3b poszukuj\u0105cych niezawodnych materia\u0142\u00f3w spawalniczych do pracy z konstrukcjami nierdzewnymi, wykorzystuj\u0105cymi technologi\u0119 MIG\/MAG.<\/p>","protected":false},"excerpt":{"rendered":"<p>informacje o produkcie Drut spawalniczy MIG MAG 308LSi to wysokiej jako\u015bci materia\u0142 spawalniczy, przeznaczony do profesjonalnego spawania stali nierdzewnej. Oferowany<\/p>","protected":false},"featured_media":14720,"template":"","meta":{"_acf_changed":false,"rank_math_title":"","rank_math_description":"","rank_math_focus_keyword":"","rank_math_canonical_url":"","rank_math_facebook_title":"","rank_math_facebook_description":"","rank_math_schema":""},"product_brand":[],"product_cat":[15],"product_tag":[],"class_list":{"0":"post-14721","1":"product","2":"type-product","3":"status-publish","4":"has-post-thumbnail","6":"product_cat-01-drut-i-akcesoria-spawalnicze","8":"first","9":"instock","10":"taxable","11":"shipping-taxable","12":"purchasable","13":"product-type-simple"},"acf":[],"_links":{"self":[{"href":"https:\/\/testkurek.miclick.pl\/en\/wp-json\/wp\/v2\/product\/14721","targetHints":{"allow":["GET"]}}],"collection":[{"href":"https:\/\/testkurek.miclick.pl\/en\/wp-json\/wp\/v2\/product"}],"about":[{"href":"https:\/\/testkurek.miclick.pl\/en\/wp-json\/wp\/v2\/types\/product"}],"version-history":[{"count":3,"href":"https:\/\/testkurek.miclick.pl\/en\/wp-json\/wp\/v2\/product\/14721\/revisions"}],"predecessor-version":[{"id":16077,"href":"https:\/\/testkurek.miclick.pl\/en\/wp-json\/wp\/v2\/product\/14721\/revisions\/16077"}],"wp:featuredmedia":[{"embeddable":true,"href":"https:\/\/testkurek.miclick.pl\/en\/wp-json\/wp\/v2\/media\/14720"}],"wp:attachment":[{"href":"https:\/\/testkurek.miclick.pl\/en\/wp-json\/wp\/v2\/media?parent=14721"}],"wp:term":[{"taxonomy":"product_brand","embeddable":true,"href":"https:\/\/testkurek.miclick.pl\/en\/wp-json\/wp\/v2\/product_brand?post=14721"},{"taxonomy":"product_cat","embeddable":true,"href":"https:\/\/testkurek.miclick.pl\/en\/wp-json\/wp\/v2\/product_cat?post=14721"},{"taxonomy":"product_tag","embeddable":true,"href":"https:\/\/testkurek.miclick.pl\/en\/wp-json\/wp\/v2\/product_tag?post=14721"}],"curies":[{"name":"wp","href":"https:\/\/api.w.org\/{rel}","templated":true}]}}