{"id":14692,"date":"2025-03-14T13:40:58","date_gmt":"2025-03-14T12:40:58","guid":{"rendered":"https:\/\/warsztat.kurek.pl\/lacznik-pradowy-m8-401d-501d-2\/"},"modified":"2025-06-04T12:07:32","modified_gmt":"2025-06-04T10:07:32","slug":"lacznik-pradowy-m8-401d-501d-2","status":"publish","type":"product","link":"https:\/\/testkurek.miclick.pl\/en\/lacznik-pradowy-m8-401d-501d-2\/","title":{"rendered":"\u0141\u0104CZNIK PR\u0104DOWY M8 401D\/501D"},"content":{"rendered":"<p style=\"line-height: 1.5em;font-family: Segoe, Helvetica, sans-serif;font-size: 16px\">\u0141\u0105cznik pr\u0105dowy\u00a0 z gwintem M6 przeznaczony do uchwyt\u00f3w spawalniczych 24 KD.\u00a0<\/p>","protected":false},"excerpt":{"rendered":"<p>\u0141\u0105cznik pr\u0105dowy\u00a0 z gwintem M6 przeznaczony do uchwyt\u00f3w spawalniczych 24 KD.\u00a0<\/p>","protected":false},"featured_media":14687,"template":"","meta":{"_acf_changed":false,"rank_math_title":"","rank_math_description":"","rank_math_focus_keyword":"","rank_math_canonical_url":"","rank_math_facebook_title":"","rank_math_facebook_description":"","rank_math_schema":""},"product_brand":[],"product_cat":[15],"product_tag":[],"class_list":{"0":"post-14692","1":"product","2":"type-product","3":"status-publish","4":"has-post-thumbnail","6":"product_cat-01-drut-i-akcesoria-spawalnicze","8":"first","9":"instock","10":"taxable","11":"shipping-taxable","12":"purchasable","13":"product-type-simple"},"acf":[],"_links":{"self":[{"href":"https:\/\/testkurek.miclick.pl\/en\/wp-json\/wp\/v2\/product\/14692","targetHints":{"allow":["GET"]}}],"collection":[{"href":"https:\/\/testkurek.miclick.pl\/en\/wp-json\/wp\/v2\/product"}],"about":[{"href":"https:\/\/testkurek.miclick.pl\/en\/wp-json\/wp\/v2\/types\/product"}],"version-history":[{"count":1,"href":"https:\/\/testkurek.miclick.pl\/en\/wp-json\/wp\/v2\/product\/14692\/revisions"}],"predecessor-version":[{"id":15797,"href":"https:\/\/testkurek.miclick.pl\/en\/wp-json\/wp\/v2\/product\/14692\/revisions\/15797"}],"wp:featuredmedia":[{"embeddable":true,"href":"https:\/\/testkurek.miclick.pl\/en\/wp-json\/wp\/v2\/media\/14687"}],"wp:attachment":[{"href":"https:\/\/testkurek.miclick.pl\/en\/wp-json\/wp\/v2\/media?parent=14692"}],"wp:term":[{"taxonomy":"product_brand","embeddable":true,"href":"https:\/\/testkurek.miclick.pl\/en\/wp-json\/wp\/v2\/product_brand?post=14692"},{"taxonomy":"product_cat","embeddable":true,"href":"https:\/\/testkurek.miclick.pl\/en\/wp-json\/wp\/v2\/product_cat?post=14692"},{"taxonomy":"product_tag","embeddable":true,"href":"https:\/\/testkurek.miclick.pl\/en\/wp-json\/wp\/v2\/product_tag?post=14692"}],"curies":[{"name":"wp","href":"https:\/\/api.w.org\/{rel}","templated":true}]}}