{"id":6087,"date":"2024-01-06T15:39:38","date_gmt":"2024-01-06T14:39:38","guid":{"rendered":"https:\/\/dev.kurek.pl\/?page_id=6087"},"modified":"2024-02-03T11:09:01","modified_gmt":"2024-02-03T10:09:01","slug":"porownywarka","status":"publish","type":"page","link":"https:\/\/testkurek.miclick.pl\/en\/porownywarka\/","title":{"rendered":"Por\u00f3wnywarka"},"content":{"rendered":"<div data-elementor-type=\"wp-page\" data-elementor-id=\"6087\" class=\"elementor elementor-6087\" data-elementor-post-type=\"page\">\n\t\t\t\t<div class=\"elementor-element elementor-element-6c63a58 e-flex e-con-boxed e-con e-parent\" data-id=\"6c63a58\" data-element_type=\"container\">\n\t\t\t\t\t<div class=\"e-con-inner\">\n\t\t\t\t<div class=\"elementor-element elementor-element-2c2539c elementor-widget elementor-widget-wd_compare\" data-id=\"2c2539c\" data-element_type=\"widget\" data-widget_type=\"wd_compare.default\">\n\t\t\t\t<div class=\"elementor-widget-container\">\n\t\t\t\t\t\t\t<p class=\"wd-empty-compare wd-empty-page\">\n\t\t\tCompare list is empty.\t\t<\/p>\n\t\t\t\t\t<div class=\"wd-empty-page-text\">\n\t\t\t\t\u017badne produkty nie zosta\u0142y dodane do por\u00f3wnywarki. Musisz doda\u0107 produkty kt\u00f3re chcesz por\u00f3wna\u0107.\t\t\t<\/div>\n\t\t\t\t<p class=\"return-to-shop\">\n\t\t\t<a class=\"button\" href=\"https:\/\/testkurek.miclick.pl\/en\/sklep\/\">\n\t\t\t\tReturn to shop\t\t\t<\/a>\n\t\t<\/p>\n\t\t\t\t\t\t<\/div>\n\t\t\t\t<\/div>\n\t\t\t\t\t<\/div>\n\t\t\t\t<\/div>\n\t\t\t\t<\/div>","protected":false},"excerpt":{"rendered":"<p>Compare list is empty. \u017badne produkty nie zosta\u0142y dodane do por\u00f3wnywarki. Musisz doda\u0107 produkty kt\u00f3re chcesz por\u00f3wna\u0107. Return to shop<\/p>","protected":false},"author":2,"featured_media":0,"parent":0,"menu_order":0,"comment_status":"closed","ping_status":"closed","template":"","meta":{"_acf_changed":false,"footnotes":""},"class_list":["post-6087","page","type-page","status-publish","hentry"],"acf":[],"_links":{"self":[{"href":"https:\/\/testkurek.miclick.pl\/en\/wp-json\/wp\/v2\/pages\/6087","targetHints":{"allow":["GET"]}}],"collection":[{"href":"https:\/\/testkurek.miclick.pl\/en\/wp-json\/wp\/v2\/pages"}],"about":[{"href":"https:\/\/testkurek.miclick.pl\/en\/wp-json\/wp\/v2\/types\/page"}],"author":[{"embeddable":true,"href":"https:\/\/testkurek.miclick.pl\/en\/wp-json\/wp\/v2\/users\/2"}],"replies":[{"embeddable":true,"href":"https:\/\/testkurek.miclick.pl\/en\/wp-json\/wp\/v2\/comments?post=6087"}],"version-history":[{"count":0,"href":"https:\/\/testkurek.miclick.pl\/en\/wp-json\/wp\/v2\/pages\/6087\/revisions"}],"wp:attachment":[{"href":"https:\/\/testkurek.miclick.pl\/en\/wp-json\/wp\/v2\/media?parent=6087"}],"curies":[{"name":"wp","href":"https:\/\/api.w.org\/{rel}","templated":true}]}}