{"id":6082,"date":"2024-01-06T15:32:15","date_gmt":"2024-01-06T14:32:15","guid":{"rendered":"https:\/\/dev.kurek.pl\/?page_id=6082"},"modified":"2024-12-05T19:56:00","modified_gmt":"2024-12-05T18:56:00","slug":"ulubione","status":"publish","type":"page","link":"https:\/\/testkurek.miclick.pl\/en\/ulubione\/","title":{"rendered":"Ulubione"},"content":{"rendered":"<div data-elementor-type=\"wp-page\" data-elementor-id=\"6082\" class=\"elementor elementor-6082\" data-elementor-post-type=\"page\">\n\t\t\t\t<div class=\"elementor-element elementor-element-097f817 e-flex e-con-boxed e-con e-parent\" data-id=\"097f817\" data-element_type=\"container\">\n\t\t\t\t\t<div class=\"e-con-inner\">\n\t\t\t\t<div class=\"elementor-element elementor-element-d0ad83a elementor-widget elementor-widget-wd_wishlist\" data-id=\"d0ad83a\" data-element_type=\"widget\" data-widget_type=\"wd_wishlist.default\">\n\t\t\t\t<div class=\"elementor-widget-container\">\n\t\t\t\t\t\t\t\n\t\t\n\n\t\t\t\t<div class=\"\" >\n\t\t\t\t\t\t<div class=\"wd-wishlist-content\">\n\t\t\t\t\t\t\t\t\t\t\t\n\t\t<p class=\"wd-empty-wishlist wd-empty-page\">\n\t\t\tThis wishlist is empty.\t\t<\/p>\n\n\t\t\t\t\t<div class=\"wd-empty-page-text\">\n\t\t\t\tNie masz \u017cadnych produkt\u00f3w na li\u015bcie ulubionych.\t\t\t<\/div>\n\t\t\n\t\t\n\t\t\t\t\t<p class=\"return-to-shop\">\n\t\t\t\t<a class=\"button\" href=\"https:\/\/testkurek.miclick.pl\/en\/sklep\/\">\n\t\t\t\t\tReturn to shop\t\t\t\t<\/a>\n\t\t\t<\/p>\n\t\t\t\t\t\t\t\t\t\t\t<\/div>\n\t\t\t\t<\/div>\n\t\t\t\t\t\t<\/div>\n\t\t\t\t<\/div>\n\t\t\t\t\t<\/div>\n\t\t\t\t<\/div>\n\t\t\t\t<\/div>","protected":false},"excerpt":{"rendered":"<p>Moje konto Dashboard Orders Downloads Addresses Account details Wishlist Logout This wishlist is empty. Nie masz \u017cadnych produkt\u00f3w na li\u015bcie<\/p>","protected":false},"author":2,"featured_media":0,"parent":0,"menu_order":0,"comment_status":"closed","ping_status":"closed","template":"","meta":{"_acf_changed":false,"footnotes":""},"class_list":["post-6082","page","type-page","status-publish","hentry"],"acf":[],"_links":{"self":[{"href":"https:\/\/testkurek.miclick.pl\/en\/wp-json\/wp\/v2\/pages\/6082","targetHints":{"allow":["GET"]}}],"collection":[{"href":"https:\/\/testkurek.miclick.pl\/en\/wp-json\/wp\/v2\/pages"}],"about":[{"href":"https:\/\/testkurek.miclick.pl\/en\/wp-json\/wp\/v2\/types\/page"}],"author":[{"embeddable":true,"href":"https:\/\/testkurek.miclick.pl\/en\/wp-json\/wp\/v2\/users\/2"}],"replies":[{"embeddable":true,"href":"https:\/\/testkurek.miclick.pl\/en\/wp-json\/wp\/v2\/comments?post=6082"}],"version-history":[{"count":9,"href":"https:\/\/testkurek.miclick.pl\/en\/wp-json\/wp\/v2\/pages\/6082\/revisions"}],"predecessor-version":[{"id":13091,"href":"https:\/\/testkurek.miclick.pl\/en\/wp-json\/wp\/v2\/pages\/6082\/revisions\/13091"}],"wp:attachment":[{"href":"https:\/\/testkurek.miclick.pl\/en\/wp-json\/wp\/v2\/media?parent=6082"}],"curies":[{"name":"wp","href":"https:\/\/api.w.org\/{rel}","templated":true}]}}