{"id":5417,"date":"2023-12-23T15:47:35","date_gmt":"2023-12-23T14:47:35","guid":{"rendered":"https:\/\/dev.kurek.pl\/?page_id=5417"},"modified":"2024-12-16T17:18:11","modified_gmt":"2024-12-16T16:18:11","slug":"wspolpraca","status":"publish","type":"page","link":"https:\/\/testkurek.miclick.pl\/en\/wspolpraca\/","title":{"rendered":"Cooperation"},"content":{"rendered":"<div data-elementor-type=\"wp-page\" data-elementor-id=\"5417\" class=\"elementor elementor-5417\" data-elementor-post-type=\"page\">\n\t\t\t\t<div class=\"elementor-element elementor-element-6a3cd26 e-flex e-con-boxed e-con e-parent\" data-id=\"6a3cd26\" data-element_type=\"container\">\n\t\t\t\t\t<div class=\"e-con-inner\">\n\t\t<div class=\"elementor-element elementor-element-001570e e-con-full e-flex e-con e-child\" data-id=\"001570e\" data-element_type=\"container\">\n\t\t\t\t<div class=\"elementor-element elementor-element-699cd0e elementor-hidden-tablet elementor-hidden-mobile elementor-widget elementor-widget-heading\" data-id=\"699cd0e\" data-element_type=\"widget\" data-widget_type=\"heading.default\">\n\t\t\t\t\t<h2 class=\"elementor-heading-title elementor-size-default\">Cooperation<\/h2>\t\t\t\t<\/div>\n\t\t\t\t<div class=\"elementor-element elementor-element-fbcf8f2 elementor-hidden-tablet elementor-hidden-mobile elementor-widget-divider--view-line elementor-widget elementor-widget-divider\" data-id=\"fbcf8f2\" data-element_type=\"widget\" data-widget_type=\"divider.default\">\n\t\t\t\t\t\t\t<div class=\"elementor-divider\">\n\t\t\t<span class=\"elementor-divider-separator\">\n\t\t\t\t\t\t<\/span>\n\t\t<\/div>\n\t\t\t\t\t\t<\/div>\n\t\t\t\t<\/div>\n\t\t<div class=\"elementor-element elementor-element-f88bac0 e-con-full e-flex e-con e-child\" data-id=\"f88bac0\" data-element_type=\"container\">\n\t\t\t\t<div class=\"elementor-element elementor-element-a02f6cb color-scheme-inherit text-left elementor-widget elementor-widget-text-editor\" data-id=\"a02f6cb\" data-element_type=\"widget\" data-widget_type=\"text-editor.default\">\n\t\t\t\t\t\t\t\t\t<p>Je\u015bli jeste\u015b zainteresowany zostaniem naszym oficjalnym dystrybutorem lub jak\u0105kolwiek inn\u0105 form\u0105 wsp\u00f3\u0142pracy skontaktuj si\u0119 z nami w celu om\u00f3wienia szczeg\u00f3\u0142\u00f3w.<\/p><p>Dane kontaktowe i formularz kontaktowy na stronie<a href=\"http:\/\/testkurek.miclick.pl\/en\/kontakt\/\"> KONTAKT<\/a>.<\/p>\t\t\t\t\t\t\t\t<\/div>\n\t\t\t\t<\/div>\n\t\t\t\t\t<\/div>\n\t\t\t\t<\/div>\n\t\t\t\t<\/div>","protected":false},"excerpt":{"rendered":"<p>Wsp\u00f3\u0142praca Je\u015bli jeste\u015b zainteresowany zostaniem naszym oficjalnym dystrybutorem lub jak\u0105kolwiek inn\u0105 form\u0105 wsp\u00f3\u0142pracy skontaktuj si\u0119 z nami w celu om\u00f3wienia<\/p>","protected":false},"author":2,"featured_media":0,"parent":0,"menu_order":0,"comment_status":"closed","ping_status":"closed","template":"","meta":{"_acf_changed":false,"footnotes":""},"class_list":["post-5417","page","type-page","status-publish","hentry"],"acf":[],"_links":{"self":[{"href":"https:\/\/testkurek.miclick.pl\/en\/wp-json\/wp\/v2\/pages\/5417","targetHints":{"allow":["GET"]}}],"collection":[{"href":"https:\/\/testkurek.miclick.pl\/en\/wp-json\/wp\/v2\/pages"}],"about":[{"href":"https:\/\/testkurek.miclick.pl\/en\/wp-json\/wp\/v2\/types\/page"}],"author":[{"embeddable":true,"href":"https:\/\/testkurek.miclick.pl\/en\/wp-json\/wp\/v2\/users\/2"}],"replies":[{"embeddable":true,"href":"https:\/\/testkurek.miclick.pl\/en\/wp-json\/wp\/v2\/comments?post=5417"}],"version-history":[{"count":15,"href":"https:\/\/testkurek.miclick.pl\/en\/wp-json\/wp\/v2\/pages\/5417\/revisions"}],"predecessor-version":[{"id":13599,"href":"https:\/\/testkurek.miclick.pl\/en\/wp-json\/wp\/v2\/pages\/5417\/revisions\/13599"}],"wp:attachment":[{"href":"https:\/\/testkurek.miclick.pl\/en\/wp-json\/wp\/v2\/media?parent=5417"}],"curies":[{"name":"wp","href":"https:\/\/api.w.org\/{rel}","templated":true}]}}