{"id":5206,"date":"2023-12-21T15:07:24","date_gmt":"2023-12-21T14:07:24","guid":{"rendered":"https:\/\/dev.kurek.pl\/?page_id=5206"},"modified":"2024-12-16T17:17:42","modified_gmt":"2024-12-16T16:17:42","slug":"platnosci","status":"publish","type":"page","link":"https:\/\/testkurek.miclick.pl\/en\/platnosci\/","title":{"rendered":"Payments"},"content":{"rendered":"<div data-elementor-type=\"wp-page\" data-elementor-id=\"5206\" class=\"elementor elementor-5206\" data-elementor-post-type=\"page\">\n\t\t\t\t<div class=\"elementor-element elementor-element-d991534 e-flex e-con-boxed e-con e-parent\" data-id=\"d991534\" data-element_type=\"container\">\n\t\t\t\t\t<div class=\"e-con-inner\">\n\t\t<div class=\"elementor-element elementor-element-1bb9ee3 e-con-full e-flex e-con e-child\" data-id=\"1bb9ee3\" data-element_type=\"container\">\n\t\t\t\t<div class=\"elementor-element elementor-element-bc28a2f elementor-hidden-tablet elementor-hidden-mobile elementor-widget elementor-widget-heading\" data-id=\"bc28a2f\" data-element_type=\"widget\" data-widget_type=\"heading.default\">\n\t\t\t\t\t<h2 class=\"elementor-heading-title elementor-size-default\">Payments<\/h2>\t\t\t\t<\/div>\n\t\t\t\t<div class=\"elementor-element elementor-element-c81d90d elementor-hidden-tablet elementor-hidden-mobile elementor-widget-divider--view-line elementor-widget elementor-widget-divider\" data-id=\"c81d90d\" data-element_type=\"widget\" data-widget_type=\"divider.default\">\n\t\t\t\t\t\t\t<div class=\"elementor-divider\">\n\t\t\t<span class=\"elementor-divider-separator\">\n\t\t\t\t\t\t<\/span>\n\t\t<\/div>\n\t\t\t\t\t\t<\/div>\n\t\t\t\t<\/div>\n\t\t<div class=\"elementor-element elementor-element-c89b179 e-con-full e-flex e-con e-child\" data-id=\"c89b179\" data-element_type=\"container\">\n\t\t\t\t<div class=\"elementor-element elementor-element-241b3a4 color-scheme-inherit text-left elementor-widget elementor-widget-text-editor\" data-id=\"241b3a4\" data-element_type=\"widget\" data-widget_type=\"text-editor.default\">\n\t\t\t\t\t\t\t\t\t<p>Dla Pa\u0144stwa wygody udost\u0119pnili\u015bmy wiele r\u00f3\u017cnych metod p\u0142atno\u015bci. My ze swej strony nie pobieramy \u017cadnych dodatkowych op\u0142at za przeprowadzone transakcje. Poni\u017cej prezentacja najpopularniejszych metod p\u0142atno\u015bci dost\u0119pnych w naszym sklepie.<\/p>\t\t\t\t\t\t\t\t<\/div>\n\t\t\t\t<div class=\"elementor-element elementor-element-c8e0324 elementor-widget elementor-widget-heading\" data-id=\"c8e0324\" data-element_type=\"widget\" data-widget_type=\"heading.default\">\n\t\t\t\t\t<h3 class=\"elementor-heading-title elementor-size-default\">P\u0142atno\u015bci on-line:<\/h3>\t\t\t\t<\/div>\n\t\t\t\t<\/div>\n\t\t<div class=\"elementor-element elementor-element-47d5ec5 e-con-full e-flex e-con e-child\" data-id=\"47d5ec5\" data-element_type=\"container\">\n\t\t\t\t<div class=\"elementor-element elementor-element-4a5ca75 color-scheme-inherit text-left elementor-widget elementor-widget-text-editor\" data-id=\"4a5ca75\" data-element_type=\"widget\" data-widget_type=\"text-editor.default\">\n\t\t\t\t\t\t\t\t\t<p>Przelewy on-line ze wszystkich najwa\u017cniejszych bank\u00f3w w Polsce dzi\u0119ki<\/p>\t\t\t\t\t\t\t\t<\/div>\n\t\t\t\t<div class=\"elementor-element elementor-element-a4533f5 elementor-widget elementor-widget-image\" data-id=\"a4533f5\" data-element_type=\"widget\" data-widget_type=\"image.default\">\n\t\t\t\t\t\t\t\t\t\t\t\t\t\t\t<img decoding=\"async\" src=\"http:\/\/testkurek.miclick.pl\/wp-content\/uploads\/paybylink_100x21.webp\" title=\"\" alt=\"\" loading=\"lazy\">\t\t\t\t\t\t\t\t\t\t\t\t\t\t\t<\/div>\n\t\t\t\t<div class=\"elementor-element elementor-element-330b43b color-scheme-inherit text-left elementor-widget elementor-widget-text-editor\" data-id=\"330b43b\" data-element_type=\"widget\" data-widget_type=\"text-editor.default\">\n\t\t\t\t\t\t\t\t\t<p>m.in.:<\/p>\t\t\t\t\t\t\t\t<\/div>\n\t\t\t\t<\/div>\n\t\t<div class=\"elementor-element elementor-element-5507b29 e-con-full e-flex e-con e-child\" data-id=\"5507b29\" data-element_type=\"container\">\n\t\t\t\t<div class=\"elementor-element elementor-element-4271b87 elementor-widget elementor-widget-image\" data-id=\"4271b87\" data-element_type=\"widget\" data-widget_type=\"image.default\">\n\t\t\t\t\t\t\t\t\t\t\t\t\t\t\t<img decoding=\"async\" src=\"http:\/\/testkurek.miclick.pl\/wp-content\/uploads\/zen_banki_740x210.webp\" title=\"\" alt=\"\" loading=\"lazy\">\t\t\t\t\t\t\t\t\t\t\t\t\t\t\t<\/div>\n\t\t\t\t<\/div>\n\t\t<div class=\"elementor-element elementor-element-619594a e-con-full e-flex e-con e-child\" data-id=\"619594a\" data-element_type=\"container\">\n\t\t\t\t<div class=\"elementor-element elementor-element-ad79237 color-scheme-inherit text-left elementor-widget elementor-widget-text-editor\" data-id=\"ad79237\" data-element_type=\"widget\" data-widget_type=\"text-editor.default\">\n\t\t\t\t\t\t\t\t\t<p>Wiele r\u00f3\u017cnych p\u0142atno\u015bci on-line m.in.:<\/p>\t\t\t\t\t\t\t\t<\/div>\n\t\t\t\t<div class=\"elementor-element elementor-element-21539fd elementor-widget elementor-widget-image\" data-id=\"21539fd\" data-element_type=\"widget\" data-widget_type=\"image.default\">\n\t\t\t\t\t\t\t\t\t\t\t\t\t\t\t<img decoding=\"async\" src=\"http:\/\/testkurek.miclick.pl\/wp-content\/uploads\/zen_online_450x30.webp\" title=\"\" alt=\"\" loading=\"lazy\">\t\t\t\t\t\t\t\t\t\t\t\t\t\t\t<\/div>\n\t\t\t\t<\/div>\n\t\t<div class=\"elementor-element elementor-element-ef27edb e-con-full e-flex e-con e-child\" data-id=\"ef27edb\" data-element_type=\"container\">\n\t\t\t\t<div class=\"elementor-element elementor-element-719f1d1 color-scheme-inherit text-left elementor-widget elementor-widget-text-editor\" data-id=\"719f1d1\" data-element_type=\"widget\" data-widget_type=\"text-editor.default\">\n\t\t\t\t\t\t\t\t\t<p>P\u0142atno\u015bci kartami kredytowymi m.in:<\/p>\t\t\t\t\t\t\t\t<\/div>\n\t\t\t\t<div class=\"elementor-element elementor-element-68f041e elementor-widget elementor-widget-image\" data-id=\"68f041e\" data-element_type=\"widget\" data-widget_type=\"image.default\">\n\t\t\t\t\t\t\t\t\t\t\t\t\t\t\t<img decoding=\"async\" src=\"http:\/\/testkurek.miclick.pl\/wp-content\/uploads\/zen_cards_140x35.webp\" title=\"\" alt=\"\" loading=\"lazy\">\t\t\t\t\t\t\t\t\t\t\t\t\t\t\t<\/div>\n\t\t\t\t<\/div>\n\t\t<div class=\"elementor-element elementor-element-ea31a67 e-con-full e-flex e-con e-child\" data-id=\"ea31a67\" data-element_type=\"container\">\n\t\t\t\t<div class=\"elementor-element elementor-element-ce5d4b3 elementor-widget elementor-widget-shortcode\" data-id=\"ce5d4b3\" data-element_type=\"widget\" data-widget_type=\"shortcode.default\">\n\t\t\t\t\t\t\t<div class=\"elementor-shortcode\">\t\t\t<link rel=\"stylesheet\" id=\"elementor-post-5325-css\" href=\"https:\/\/testkurek.miclick.pl\/wp-content\/uploads\/elementor\/css\/post-5325.css?ver=1775909162\" type=\"text\/css\" media=\"all\">\n\t\t\t\t\t<div data-elementor-type=\"wp-post\" data-elementor-id=\"5325\" class=\"elementor elementor-5325\" data-elementor-post-type=\"cms_block\">\n\t\t\t\t<div class=\"elementor-element elementor-element-e67035e e-flex e-con-boxed e-con e-parent\" data-id=\"e67035e\" data-element_type=\"container\">\n\t\t\t\t\t<div class=\"e-con-inner\">\n\t\t\t\t<div class=\"elementor-element elementor-element-2857514 elementor-widget elementor-widget-heading\" data-id=\"2857514\" data-element_type=\"widget\" data-widget_type=\"heading.default\">\n\t\t\t\t\t<h4 class=\"elementor-heading-title elementor-size-default\">Dane do przelew\u00f3w bankowych w PLN:<\/h4>\t\t\t\t<\/div>\n\t\t\t\t<div class=\"elementor-element elementor-element-2ce043c color-scheme-inherit text-left elementor-widget elementor-widget-text-editor\" data-id=\"2ce043c\" data-element_type=\"widget\" data-widget_type=\"text-editor.default\">\n\t\t\t\t\t\t\t\t\t<p>W\u0142a\u015bciciel konta: <strong>KUREK Szymon Kurek<\/strong><br \/>Bank: <strong>ING<\/strong><\/p><p>Nr konta (IBAN) w PLN: <strong>PL 36 1050 1113 1000 0090 7227 6042<\/strong><\/p>\t\t\t\t\t\t\t\t<\/div>\n\t\t\t\t\t<\/div>\n\t\t\t\t<\/div>\n\t\t<div class=\"elementor-element elementor-element-dcf5179 e-flex e-con-boxed e-con e-parent\" data-id=\"dcf5179\" data-element_type=\"container\">\n\t\t\t\t\t<div class=\"e-con-inner\">\n\t\t\t\t<div class=\"elementor-element elementor-element-55c11d6 elementor-widget elementor-widget-heading\" data-id=\"55c11d6\" data-element_type=\"widget\" data-widget_type=\"heading.default\">\n\t\t\t\t\t<h4 class=\"elementor-heading-title elementor-size-default\">Dane do przelew\u00f3w bankowych w EURO\/USD:<\/h4>\t\t\t\t<\/div>\n\t\t\t\t<div class=\"elementor-element elementor-element-8d17940 color-scheme-inherit text-left elementor-widget elementor-widget-text-editor\" data-id=\"8d17940\" data-element_type=\"widget\" data-widget_type=\"text-editor.default\">\n\t\t\t\t\t\t\t\t\t<p>W\u0142a\u015bciciel konta: <strong>KUREK Szymon Kurek<\/strong><br \/>Bank: <strong>ING<\/strong><\/p><p>Nr konta (IBAN) w EURO: <strong>PL 70 1050 1113 1000 0090 7227 6109<\/strong><br \/>Nr konta (IBAN) w USD: <strong>PL 82 1050 1113 1000 0097 3036 2887<\/strong><br \/>SWIFT (BIC): <strong>INGBPLPW<\/strong><\/p>\t\t\t\t\t\t\t\t<\/div>\n\t\t\t\t\t<\/div>\n\t\t\t\t<\/div>\n\t\t\t\t<\/div>\n\t\t<\/div>\n\t\t\t\t\t\t<\/div>\n\t\t\t\t<\/div>\n\t\t\t\t\t<\/div>\n\t\t\t\t<\/div>\n\t\t\t\t<\/div>","protected":false},"excerpt":{"rendered":"<p>P\u0142atno\u015bci Dla Pa\u0144stwa wygody udost\u0119pnili\u015bmy wiele r\u00f3\u017cnych metod p\u0142atno\u015bci. My ze swej strony nie pobieramy \u017cadnych dodatkowych op\u0142at za przeprowadzone<\/p>","protected":false},"author":2,"featured_media":0,"parent":0,"menu_order":0,"comment_status":"closed","ping_status":"closed","template":"","meta":{"_acf_changed":false,"footnotes":""},"class_list":["post-5206","page","type-page","status-publish","hentry"],"acf":[],"_links":{"self":[{"href":"https:\/\/testkurek.miclick.pl\/en\/wp-json\/wp\/v2\/pages\/5206","targetHints":{"allow":["GET"]}}],"collection":[{"href":"https:\/\/testkurek.miclick.pl\/en\/wp-json\/wp\/v2\/pages"}],"about":[{"href":"https:\/\/testkurek.miclick.pl\/en\/wp-json\/wp\/v2\/types\/page"}],"author":[{"embeddable":true,"href":"https:\/\/testkurek.miclick.pl\/en\/wp-json\/wp\/v2\/users\/2"}],"replies":[{"embeddable":true,"href":"https:\/\/testkurek.miclick.pl\/en\/wp-json\/wp\/v2\/comments?post=5206"}],"version-history":[{"count":12,"href":"https:\/\/testkurek.miclick.pl\/en\/wp-json\/wp\/v2\/pages\/5206\/revisions"}],"predecessor-version":[{"id":13587,"href":"https:\/\/testkurek.miclick.pl\/en\/wp-json\/wp\/v2\/pages\/5206\/revisions\/13587"}],"wp:attachment":[{"href":"https:\/\/testkurek.miclick.pl\/en\/wp-json\/wp\/v2\/media?parent=5206"}],"curies":[{"name":"wp","href":"https:\/\/api.w.org\/{rel}","templated":true}]}}