{"id":14727,"date":"2025-03-14T13:42:27","date_gmt":"2025-03-14T12:42:27","guid":{"rendered":"https:\/\/warsztat.kurek.pl\/drut-spawalniczy-mig-mag-308lsi-do-stali-nierdzewnej-inox-o-srednicy-10-mm-15kg-2\/"},"modified":"2025-04-15T13:06:32","modified_gmt":"2025-04-15T11:06:32","slug":"drut-spawalniczy-mig-mag-308lsi-do-stali-nierdzewnej-inox-o-srednicy-10-mm-15kg-2","status":"publish","type":"product","link":"https:\/\/testkurek.miclick.pl\/cs\/drut-spawalniczy-mig-mag-308lsi-do-stali-nierdzewnej-inox-o-srednicy-10-mm-15kg-2\/","title":{"rendered":"Drut spawalniczy MIG MAG  308LSi do stali nierdzewnej INOX o \u015brednicy 1,0 mm  15kg"},"content":{"rendered":"<p style=\"line-height: 1.5em;font-family: Segoe, Helvetica, sans-serif;font-size: 16px\"><span style=\"line-height: 1.5em\">Drut spawalniczy 316 LSi, o grubo\u015bci 1,0 mm. Nawini\u0119ty na szpul\u0119 metalow\u0105 15 kg.<\/span><\/p>\n<p style=\"line-height: 1.5em;font-family: Segoe, Helvetica, sans-serif;font-size: 16px\"><br style=\"line-height: 1.5em\"><\/p>\n<p style=\"line-height: 1.5em;font-family: Segoe, Helvetica, sans-serif;font-size: 16px\">Drut spawalniczy o bardzo niskiej zawarto\u015bci w\u0119gla przeznaczony do spawania stali nierdzewnej metod\u0105 MIG\/MAG.&nbsp;<\/p>","protected":false},"excerpt":{"rendered":"<p>Drut spawalniczy 316 LSi, o grubo\u015bci 1,0 mm. Nawini\u0119ty na szpul\u0119 metalow\u0105 15 kg. Drut spawalniczy o bardzo niskiej zawarto\u015bci<\/p>","protected":false},"featured_media":14726,"template":"","meta":{"_acf_changed":false,"rank_math_title":"","rank_math_description":"","rank_math_focus_keyword":"","rank_math_canonical_url":"","rank_math_facebook_title":"","rank_math_facebook_description":"","rank_math_schema":""},"product_brand":[],"product_cat":[15],"product_tag":[],"class_list":{"0":"post-14727","1":"product","2":"type-product","3":"status-publish","4":"has-post-thumbnail","6":"product_cat-01-drut-i-akcesoria-spawalnicze","8":"first","9":"instock","10":"taxable","11":"shipping-taxable","12":"purchasable","13":"product-type-simple"},"acf":[],"_links":{"self":[{"href":"https:\/\/testkurek.miclick.pl\/cs\/wp-json\/wp\/v2\/product\/14727","targetHints":{"allow":["GET"]}}],"collection":[{"href":"https:\/\/testkurek.miclick.pl\/cs\/wp-json\/wp\/v2\/product"}],"about":[{"href":"https:\/\/testkurek.miclick.pl\/cs\/wp-json\/wp\/v2\/types\/product"}],"version-history":[{"count":1,"href":"https:\/\/testkurek.miclick.pl\/cs\/wp-json\/wp\/v2\/product\/14727\/revisions"}],"predecessor-version":[{"id":15784,"href":"https:\/\/testkurek.miclick.pl\/cs\/wp-json\/wp\/v2\/product\/14727\/revisions\/15784"}],"wp:featuredmedia":[{"embeddable":true,"href":"https:\/\/testkurek.miclick.pl\/cs\/wp-json\/wp\/v2\/media\/14726"}],"wp:attachment":[{"href":"https:\/\/testkurek.miclick.pl\/cs\/wp-json\/wp\/v2\/media?parent=14727"}],"wp:term":[{"taxonomy":"product_brand","embeddable":true,"href":"https:\/\/testkurek.miclick.pl\/cs\/wp-json\/wp\/v2\/product_brand?post=14727"},{"taxonomy":"product_cat","embeddable":true,"href":"https:\/\/testkurek.miclick.pl\/cs\/wp-json\/wp\/v2\/product_cat?post=14727"},{"taxonomy":"product_tag","embeddable":true,"href":"https:\/\/testkurek.miclick.pl\/cs\/wp-json\/wp\/v2\/product_tag?post=14727"}],"curies":[{"name":"wp","href":"https:\/\/api.w.org\/{rel}","templated":true}]}}