{"id":5204,"date":"2023-12-21T15:06:58","date_gmt":"2023-12-21T14:06:58","guid":{"rendered":"https:\/\/dev.kurek.pl\/?page_id=5204"},"modified":"2024-12-18T14:28:02","modified_gmt":"2024-12-18T13:28:02","slug":"zwroty","status":"publish","type":"page","link":"https:\/\/testkurek.miclick.pl\/cs\/zwroty\/","title":{"rendered":"Zwroty"},"content":{"rendered":"<div data-elementor-type=\"wp-page\" data-elementor-id=\"5204\" class=\"elementor elementor-5204\" data-elementor-post-type=\"page\">\n\t\t\t\t<div class=\"elementor-element elementor-element-9d529c4 e-flex e-con-boxed e-con e-parent\" data-id=\"9d529c4\" data-element_type=\"container\">\n\t\t\t\t\t<div class=\"e-con-inner\">\n\t\t<div class=\"elementor-element elementor-element-33b0bf4 e-con-full elementor-hidden-tablet elementor-hidden-mobile e-flex e-con e-child\" data-id=\"33b0bf4\" data-element_type=\"container\">\n\t\t\t\t<div class=\"elementor-element elementor-element-33c9981 elementor-widget elementor-widget-heading\" data-id=\"33c9981\" data-element_type=\"widget\" data-widget_type=\"heading.default\">\n\t\t\t\t\t<h2 class=\"elementor-heading-title elementor-size-default\">Zwroty<\/h2>\t\t\t\t<\/div>\n\t\t\t\t<div class=\"elementor-element elementor-element-0ba79c1 elementor-widget-divider--view-line elementor-widget elementor-widget-divider\" data-id=\"0ba79c1\" data-element_type=\"widget\" data-widget_type=\"divider.default\">\n\t\t\t\t\t\t\t<div class=\"elementor-divider\">\n\t\t\t<span class=\"elementor-divider-separator\">\n\t\t\t\t\t\t<\/span>\n\t\t<\/div>\n\t\t\t\t\t\t<\/div>\n\t\t\t\t<\/div>\n\t\t<div class=\"elementor-element elementor-element-4954e50 e-con-full e-flex e-con e-child\" data-id=\"4954e50\" data-element_type=\"container\">\n\t\t\t\t<div class=\"elementor-element elementor-element-73350df color-scheme-inherit text-left elementor-widget elementor-widget-text-editor\" data-id=\"73350df\" data-element_type=\"widget\" data-widget_type=\"text-editor.default\">\n\t\t\t\t\t\t\t\t\t<p>W przypadku ch\u0119ci zwrotu towaru prosimy o wcze\u015bniejszy kontakt w celu ustalenia szczeg\u00f3\u0142\u00f3w oraz wype\u0142nienie i odes\u0142anie poni\u017cszego formularza.<\/p><p><a href=\"http:\/\/testkurek.miclick.pl\/wp-content\/uploads\/formularz_zwrotu.pdf\" target=\"_blank\" rel=\"noopener\">Formularz zwrotu towaru &#8211; pobierz<\/a><\/p>\t\t\t\t\t\t\t\t<\/div>\n\t\t\t\t<\/div>\n\t\t\t\t\t<\/div>\n\t\t\t\t<\/div>\n\t\t\t\t<\/div>","protected":false},"excerpt":{"rendered":"<p>Zwroty W przypadku ch\u0119ci zwrotu towaru prosimy o wcze\u015bniejszy kontakt w celu ustalenia szczeg\u00f3\u0142\u00f3w oraz wype\u0142nienie i odes\u0142anie poni\u017cszego formularza.<\/p>","protected":false},"author":2,"featured_media":0,"parent":0,"menu_order":0,"comment_status":"closed","ping_status":"closed","template":"","meta":{"_acf_changed":false,"footnotes":""},"class_list":["post-5204","page","type-page","status-publish","hentry"],"acf":[],"_links":{"self":[{"href":"https:\/\/testkurek.miclick.pl\/cs\/wp-json\/wp\/v2\/pages\/5204","targetHints":{"allow":["GET"]}}],"collection":[{"href":"https:\/\/testkurek.miclick.pl\/cs\/wp-json\/wp\/v2\/pages"}],"about":[{"href":"https:\/\/testkurek.miclick.pl\/cs\/wp-json\/wp\/v2\/types\/page"}],"author":[{"embeddable":true,"href":"https:\/\/testkurek.miclick.pl\/cs\/wp-json\/wp\/v2\/users\/2"}],"replies":[{"embeddable":true,"href":"https:\/\/testkurek.miclick.pl\/cs\/wp-json\/wp\/v2\/comments?post=5204"}],"version-history":[{"count":15,"href":"https:\/\/testkurek.miclick.pl\/cs\/wp-json\/wp\/v2\/pages\/5204\/revisions"}],"predecessor-version":[{"id":13622,"href":"https:\/\/testkurek.miclick.pl\/cs\/wp-json\/wp\/v2\/pages\/5204\/revisions\/13622"}],"wp:attachment":[{"href":"https:\/\/testkurek.miclick.pl\/cs\/wp-json\/wp\/v2\/media?parent=5204"}],"curies":[{"name":"wp","href":"https:\/\/api.w.org\/{rel}","templated":true}]}}