{"id":5177,"date":"2023-12-21T14:48:58","date_gmt":"2023-12-21T13:48:58","guid":{"rendered":"https:\/\/dev.kurek.pl\/?page_id=5177"},"modified":"2025-02-04T18:52:53","modified_gmt":"2025-02-04T17:52:53","slug":"polityka-cookies","status":"publish","type":"page","link":"http:\/\/testkurek.miclick.pl\/cs\/polityka-cookies\/","title":{"rendered":"Polityka cookies"},"content":{"rendered":"<div data-elementor-type=\"wp-page\" data-elementor-id=\"5177\" class=\"elementor elementor-5177\" data-elementor-post-type=\"page\">\n\t\t\t\t<div class=\"elementor-element elementor-element-e1d319d e-flex e-con-boxed e-con e-parent\" data-id=\"e1d319d\" data-element_type=\"container\">\n\t\t\t\t\t<div class=\"e-con-inner\">\n\t\t<div class=\"elementor-element elementor-element-e70b518 e-con-full e-flex e-con e-child\" data-id=\"e70b518\" data-element_type=\"container\">\n\t\t\t\t<div class=\"elementor-element elementor-element-cd7d5dd elementor-hidden-tablet elementor-hidden-mobile elementor-widget elementor-widget-heading\" data-id=\"cd7d5dd\" data-element_type=\"widget\" data-widget_type=\"heading.default\">\n\t\t\t\t\t<h2 class=\"elementor-heading-title elementor-size-default\">Polityka cookies<\/h2>\t\t\t\t<\/div>\n\t\t\t\t<div class=\"elementor-element elementor-element-c83761c elementor-hidden-tablet elementor-hidden-mobile elementor-widget-divider--view-line elementor-widget elementor-widget-divider\" data-id=\"c83761c\" data-element_type=\"widget\" data-widget_type=\"divider.default\">\n\t\t\t\t\t\t\t<div class=\"elementor-divider\">\n\t\t\t<span class=\"elementor-divider-separator\">\n\t\t\t\t\t\t<\/span>\n\t\t<\/div>\n\t\t\t\t\t\t<\/div>\n\t\t\t\t<\/div>\n\t\t<div class=\"elementor-element elementor-element-79ef99c e-con-full e-flex e-con e-child\" data-id=\"79ef99c\" data-element_type=\"container\">\n\t\t\t\t<div class=\"elementor-element elementor-element-aa5bd30 color-scheme-inherit text-left elementor-widget elementor-widget-text-editor\" data-id=\"aa5bd30\" data-element_type=\"widget\" data-widget_type=\"text-editor.default\">\n\t\t\t\t\t\t\t\t\t<p>Serwis internetowy Sklep KUREK dzia\u0142aj\u0105cy pod adresem\u00a0<u>http:\/\/testkurek.miclick.pl\/<\/u> zwany dalej Stron\u0105 WWW u\u017cywa plik\u00f3w cookies w celu zapewnienia swoim U\u017cytkownikom bezpiecze\u0144stwa i efektywno\u015bci korzystania ze Strony WWW. Poruszaj\u0105cy si\u0119 po Stronie WWW U\u017cytkownik wyra\u017ca zgod\u0119 na wykorzystanie przez Stron\u0119 WWW plik\u00f3w cookies.<\/p><p><strong>Co to s\u0105 pliki cookies?<\/strong><\/p><p>Pliki cookies (tzw. \u201eciasteczka\u201d) s\u0105 to dane informatyczne, w szczeg\u00f3lno\u015bci pliki tekstowe, kt\u00f3re przechowywane s\u0105 w urz\u0105dzeniu ko\u0144cowym U\u017cytkownika Strony WWW i przeznaczone do korzystania z niej. Cookies zazwyczaj zawieraj\u0105 nazw\u0119 strony internetowej, z kt\u00f3rej pochodz\u0105, czas przechowywania ich na urz\u0105dzeniu ko\u0144cowym oraz unikalny numer.<\/p><p><strong>Z jakich pik\u00f3w cookies korzysta Strona WWW.<\/strong><\/p><p>W ramach Strony WWW wykorzystywane s\u0105 dwa rodzaje plik\u00f3w cookies.<\/p><ul><li>Pliki \u201esesyjne\u201d czyli tymczasowe, kt\u00f3re przechowywane s\u0105 na urz\u0105dzeniu ko\u0144cowym U\u017cytkownika do czasu wylogowania, opuszczenia Strony WWW lub wy\u0142\u0105czenia przegl\u0105darki internetowej. Pliki tymczasowe s\u0105 niezb\u0119dne do prawid\u0142owego funkcjonowania Strony WWW. Umo\u017cliwiaj\u0105 one bezpieczne logowanie na stronie.<\/li><li>Pliki \u201esta\u0142e\u201d przechowywane na urz\u0105dzeniu ko\u0144cowym U\u017cytkownika przez okre\u015blony czas w parametrach plik\u00f3w cookies lub do czasu ich usuni\u0119cia przez U\u017cytkownika.<\/li><\/ul><p>Strona www wykorzystuje pliki:<\/p><ul><li>\u201efunkcjonalne\u201d , kt\u00f3re s\u0142u\u017c\u0105 do przechowywania takich informacji jak: login czy has\u0142o, co przyspiesza i u\u0142atwia korzystanie ze Strony WWW,<\/li><li>\u201estatystyczne\u201d, dzi\u0119ki kt\u00f3rym Strona WWW mo\u017ce dokonywa\u0107 optymalizacji zgodnie z preferencjami U\u017cytkownik\u00f3w,<\/li><li>\u201ereklamowe\u201d, umo\u017cliwiaj\u0105ce U\u017cytkownikom otrzymywanie reklam dostosowanych do ich indywidualnych preferencji i zainteresowa\u0144,<\/li><li>\u201espo\u0142eczno\u015bciowe\u201d, kt\u00f3re umo\u017cliwiaj\u0105 integracj\u0119 serwis\u00f3w spo\u0142eczno\u015bciowych z kt\u00f3rych korzysta U\u017cytkownik ze Stron\u0105 WWW.<\/li><\/ul><p>Strona WWW wykorzystuje poni\u017cej wymienione pliki cookie w nast\u0119puj\u0105cych celach:<\/p><ul><li>utrzymanie sesji u\u017cytkownika sklepu (po zalogowaniu), dzi\u0119ki kt\u00f3rej u\u017cytkownik nie musi na ka\u017cdej podstronie sklepu ponownie wpisywa\u0107 loginu i has\u0142a;<\/li><li>dostosowania zawarto\u015bci strony internetowej sklepu do preferencji u\u017cytkownika oraz optymalizacji korzystania ze strony internetowej; w szczeg\u00f3lno\u015bci pliki te pozwalaj\u0105 rozpozna\u0107 urz\u0105dzenie u\u017cytkownika sklepu i odpowiednio wy\u015bwietli\u0107 stron\u0119 internetow\u0105, dostosowan\u0105 do jego indywidualnych potrzeb;<\/li><li>tworzenia statystyk, kt\u00f3re pomagaj\u0105 zrozumie\u0107, w jaki spos\u00f3b u\u017cytkownicy sklepu korzystaj\u0105 ze stron internetowych, co umo\u017cliwia ulepszanie ich struktury i zawarto\u015bci.<\/li><\/ul><p><strong>Blokowanie plik\u00f3w cookies<\/strong><\/p><p>W wielu przypadkach oprogramowanie s\u0142u\u017c\u0105ce do przegl\u0105dania stron internetowych (przegl\u0105darka internetowa) domy\u015blnie dopuszcza przechowywanie pik\u00f3w cookies w urz\u0105dzeniu ko\u0144cowym U\u017cytkownika. U\u017cytkownicy mog\u0105 dokonywa\u0107 w ka\u017cdym czasie zmian ustawie\u0144 dotycz\u0105cych plik\u00f3w cookies. Ustawienia te mog\u0105 zosta\u0107 zmienione w szczeg\u00f3lno\u015bci w taki spos\u00f3b, aby blokowa\u0107 automatyczn\u0105 obs\u0142ug\u0119 plik\u00f3w cookies w ustawieniach przegl\u0105darki internetowej b\u0105d\u017a informowa\u0107 o ich ka\u017cdorazowym zamieszczeniu w urz\u0105dzeniu U\u017cytkownika Strony WWW. Szczeg\u00f3\u0142owe informacje o mo\u017cliwo\u015bci i sposobach obs\u0142ugi plik\u00f3w cookies dost\u0119pne s\u0105 w ustawieniach oprogramowania (przegl\u0105darki internetowej). Brak blokady oznacza, \u017ce U\u017cytkownik wyra\u017ca zgod\u0119 na ich zapisywanie.<\/p><p>Ograniczenie przez U\u017cytkownika stosowania plik\u00f3w cookies, mo\u017ce wp\u0142yn\u0105\u0107 na niekt\u00f3re funkcjonalno\u015bci dost\u0119pne na Stronie WWW.<\/p>\t\t\t\t\t\t\t\t<\/div>\n\t\t\t\t<\/div>\n\t\t\t\t\t<\/div>\n\t\t\t\t<\/div>\n\t\t\t\t<\/div>","protected":false},"excerpt":{"rendered":"<p>Polityka cookies Serwis internetowy Sklep KUREK dzia\u0142aj\u0105cy pod adresem\u00a0http:\/\/testkurek.miclick.pl\/ zwany dalej Stron\u0105 WWW u\u017cywa plik\u00f3w cookies w celu zapewnienia swoim<\/p>","protected":false},"author":2,"featured_media":0,"parent":0,"menu_order":0,"comment_status":"closed","ping_status":"closed","template":"","meta":{"_acf_changed":false,"footnotes":""},"class_list":["post-5177","page","type-page","status-publish","hentry"],"acf":[],"_links":{"self":[{"href":"http:\/\/testkurek.miclick.pl\/cs\/wp-json\/wp\/v2\/pages\/5177","targetHints":{"allow":["GET"]}}],"collection":[{"href":"http:\/\/testkurek.miclick.pl\/cs\/wp-json\/wp\/v2\/pages"}],"about":[{"href":"http:\/\/testkurek.miclick.pl\/cs\/wp-json\/wp\/v2\/types\/page"}],"author":[{"embeddable":true,"href":"http:\/\/testkurek.miclick.pl\/cs\/wp-json\/wp\/v2\/users\/2"}],"replies":[{"embeddable":true,"href":"http:\/\/testkurek.miclick.pl\/cs\/wp-json\/wp\/v2\/comments?post=5177"}],"version-history":[{"count":18,"href":"http:\/\/testkurek.miclick.pl\/cs\/wp-json\/wp\/v2\/pages\/5177\/revisions"}],"predecessor-version":[{"id":14537,"href":"http:\/\/testkurek.miclick.pl\/cs\/wp-json\/wp\/v2\/pages\/5177\/revisions\/14537"}],"wp:attachment":[{"href":"http:\/\/testkurek.miclick.pl\/cs\/wp-json\/wp\/v2\/media?parent=5177"}],"curies":[{"name":"wp","href":"https:\/\/api.w.org\/{rel}","templated":true}]}}